{"id":10,"date":"2020-04-21T19:32:46","date_gmt":"2020-04-21T17:32:46","guid":{"rendered":"http:\/\/www.redacteur-lapointenoire.fr\/?page_id=10"},"modified":"2023-01-18T21:22:05","modified_gmt":"2023-01-18T20:22:05","slug":"tarifs","status":"publish","type":"page","link":"https:\/\/www.redacteur-lapointenoire.fr\/index.php\/tarifs\/","title":{"rendered":"Tarifs"},"content":{"rendered":"<div data-colibri-id=\"10-c1\" class=\"style-231 style-local-10-c1 position-relative\">\n  <!---->\n  <div data-colibri-component=\"section\" data-colibri-id=\"10-c2\" id=\"initial-content\" class=\"h-section h-section-global-spacing d-flex align-items-lg-center align-items-md-center align-items-center style-232 style-local-10-c2 position-relative\">\n    <!---->\n    <!---->\n    <div class=\"h-section-grid-container h-section-boxed-container\">\n      <!---->\n      <div data-colibri-id=\"10-c3\" class=\"h-row-container gutters-row-lg-2 gutters-row-md-2 gutters-row-0 gutters-row-v-lg-2 gutters-row-v-md-2 gutters-row-v-2 style-233 style-local-10-c3 position-relative\">\n        <!---->\n        <div class=\"h-row justify-content-lg-center justify-content-md-center justify-content-center align-items-lg-stretch align-items-md-stretch align-items-stretch gutters-col-lg-2 gutters-col-md-2 gutters-col-0 gutters-col-v-lg-2 gutters-col-v-md-2 gutters-col-v-2\">\n          <!---->\n          <div class=\"h-column h-column-container d-flex h-col-lg-auto h-col-md-auto h-col-auto style-234-outer style-local-10-c4-outer\">\n            <div data-colibri-id=\"10-c4\" class=\"d-flex h-flex-basis h-column__inner h-px-lg-2 h-px-md-2 h-px-2 v-inner-lg-2 v-inner-md-2 v-inner-2 style-234 style-local-10-c4 position-relative\">\n              <!---->\n              <!---->\n              <div class=\"w-100 h-y-container h-column__content h-column__v-align flex-basis-100 align-self-lg-start align-self-md-start align-self-start\">\n                <!---->\n                <div data-colibri-id=\"10-c5\" class=\"h-text h-text-component style-266 style-local-10-c5 position-relative h-element\">\n                  <!---->\n                  <!---->\n                  <div class=\"\">\n                    <h5>Prestations<\/h5>\n                    <p>Courrier<\/p>\n                    <p>Article<\/p>\n                    <p>Saisie audio<\/p>\n                    <p>Traduction<\/p>\n                  <\/div>\n                <\/div>\n              <\/div>\n            <\/div>\n          <\/div>\n          <div class=\"h-column h-column-container d-flex h-col-lg-auto h-col-md-auto h-col-auto style-309-outer style-local-10-c6-outer\">\n            <div data-colibri-id=\"10-c6\" class=\"d-flex h-flex-basis h-column__inner h-px-lg-2 h-px-md-2 h-px-2 v-inner-lg-2 v-inner-md-2 v-inner-2 style-309 style-local-10-c6 position-relative\">\n              <!---->\n              <!---->\n              <div class=\"w-100 h-y-container h-column__content h-column__v-align flex-basis-100 align-self-lg-start align-self-md-start align-self-start\">\n                <!---->\n                <div data-colibri-id=\"10-c7\" class=\"h-text h-text-component style-312 style-local-10-c7 position-relative h-element\">\n                  <!---->\n                  <!---->\n                  <div class=\"\">\n                    <h5>Prix TTC \/page<\/h5>\n                    <p>30\u20ac<\/p>\n                    <p>40\u20ac<\/p>\n                    <p>150\u20ac\/h<\/p>\n                    <p>50\u20ac<\/p>\n                  <\/div>\n                <\/div>\n              <\/div>\n            <\/div>\n          <\/div>\n          <div class=\"h-column h-column-container d-flex h-col-lg-auto h-col-md-auto h-col-auto style-310-outer style-local-10-c8-outer\">\n            <div data-colibri-id=\"10-c8\" class=\"d-flex h-flex-basis h-column__inner h-px-lg-2 h-px-md-2 h-px-2 v-inner-lg-2 v-inner-md-2 v-inner-2 style-310 style-local-10-c8 position-relative\">\n              <!---->\n              <!---->\n              <div class=\"w-100 h-y-container h-column__content h-column__v-align flex-basis-100 align-self-lg-start align-self-md-start align-self-start\">\n                <!---->\n                <div data-colibri-id=\"10-c9\" class=\"h-text h-text-component style-313 style-local-10-c9 position-relative h-element\">\n                  <!---->\n                  <!---->\n                  <div class=\"\">\n                    <h5>Corrections \/\n                      <br>Am\u00e9liorations<\/h5>\n                    <p>&lt; 14 pages<\/p>\n                    <p>15 \u00e0 29 pages<\/p>\n                    <p>Dossier 30 \u00e0 40 p.<\/p>\n                    <p>Dossier 120 \u00e0 150 p.<\/p>\n                    <p>Dossier 300 \u00e0 500 p.<\/p>\n                  <\/div>\n                <\/div>\n              <\/div>\n            <\/div>\n          <\/div>\n          <div class=\"h-column h-column-container d-flex h-col-lg-auto h-col-md-auto h-col-auto style-311-outer style-local-10-c10-outer\">\n            <div data-colibri-id=\"10-c10\" class=\"d-flex h-flex-basis h-column__inner h-px-lg-2 h-px-md-2 h-px-2 v-inner-lg-2 v-inner-md-2 v-inner-2 style-311 style-local-10-c10 position-relative\">\n              <!---->\n              <!---->\n              <div class=\"w-100 h-y-container h-column__content h-column__v-align flex-basis-100 align-self-lg-start align-self-md-start align-self-start\">\n                <!---->\n                <div data-colibri-id=\"10-c11\" class=\"h-text h-text-component style-314 style-local-10-c11 position-relative h-element\">\n                  <!---->\n                  <!---->\n                  <div class=\"\">\n                    <h5>Prix TTC\n                      <br>\n                      <br>\n                    <\/h5>\n                    <p>15\u20ac \/ page<\/p>\n                    <p>14,50 \u20ac \/ page<\/p>\n                    <p>14\u20ac \/ page<\/p>\n                    <p>13,50\u20ac \/ page<\/p>\n                    <p>13\u20ac \/ page<\/p>\n                  <\/div>\n                <\/div>\n              <\/div>\n            <\/div>\n          <\/div>\n        <\/div>\n      <\/div>\n      <div data-colibri-id=\"10-c12\" class=\"h-row-container gutters-row-lg-2 gutters-row-md-2 gutters-row-0 gutters-row-v-lg-2 gutters-row-v-md-2 gutters-row-v-2 style-315 style-local-10-c12 position-relative\">\n        <!---->\n        <div class=\"h-row justify-content-lg-center justify-content-md-center justify-content-center align-items-lg-stretch align-items-md-stretch align-items-stretch gutters-col-lg-2 gutters-col-md-2 gutters-col-0 gutters-col-v-lg-2 gutters-col-v-md-2 gutters-col-v-2\">\n          <!---->\n          <div class=\"h-column h-column-container d-flex h-col-lg-auto h-col-md-auto h-col-auto style-316-outer style-local-10-c13-outer\">\n            <div data-colibri-id=\"10-c13\" class=\"d-flex h-flex-basis h-column__inner h-px-lg-2 h-px-md-2 h-px-2 v-inner-lg-2 v-inner-md-2 v-inner-2 style-316 style-local-10-c13 position-relative\">\n              <!---->\n              <!---->\n              <div class=\"w-100 h-y-container h-column__content h-column__v-align flex-basis-100 align-self-lg-start align-self-md-start align-self-start\">\n                <!---->\n                <div data-colibri-id=\"10-c14\" class=\"h-text h-text-component style-318 style-local-10-c14 position-relative h-element\">\n                  <!---->\n                  <!---->\n                  <div class=\"\">\n                    <p>Toute autre demande : sur devis<\/p>\n                    <p>Frais d\u00e9placement (+15km) : 0,30\u20ac \/km<\/p>\n                    <p>Forfait journalier : 430\u20ac<\/p>\n                  <\/div>\n                <\/div>\n              <\/div>\n            <\/div>\n          <\/div>\n        <\/div>\n      <\/div>\n    <\/div>\n  <\/div>\n<\/div>","protected":false},"excerpt":{"rendered":"<p>Prestations Courrier Article Saisie audio Traduction Prix TTC \/page 30\u20ac 40\u20ac 150\u20ac\/h 50\u20ac Corrections \/ Am\u00e9liorations &lt; 14 pages 15 \u00e0 29 pages Dossier 30 \u00e0 40 p. Dossier 120 \u00e0 150 p. Dossier 300 \u00e0 500 p. Prix TTC 15\u20ac \/ page 14,50 \u20ac \/ page 14\u20ac \/ page 13,50\u20ac \/ page 13\u20ac \/ [&hellip;]<\/p>\n","protected":false},"author":1,"featured_media":0,"parent":0,"menu_order":0,"comment_status":"closed","ping_status":"closed","template":"page-templates\/full-width-page.php","meta":{"_monsterinsights_skip_tracking":false,"_monsterinsights_sitenote_active":false,"_monsterinsights_sitenote_note":"","_monsterinsights_sitenote_category":0,"footnotes":""},"class_list":["post-10","page","type-page","status-publish","hentry"],"yoast_head":"<!-- This site is optimized with the Yoast SEO plugin v27.4 - https:\/\/yoast.com\/product\/yoast-seo-wordpress\/ -->\n<title>Tarifs - R\u00e9dacteur - La Pointe Noire<\/title>\n<meta name=\"robots\" content=\"index, follow, max-snippet:-1, max-image-preview:large, max-video-preview:-1\" \/>\n<link rel=\"canonical\" href=\"https:\/\/www.redacteur-lapointenoire.fr\/index.php\/tarifs\/\" \/>\n<meta property=\"og:locale\" content=\"fr_FR\" \/>\n<meta property=\"og:type\" content=\"article\" \/>\n<meta property=\"og:title\" content=\"Tarifs - R\u00e9dacteur - La Pointe Noire\" \/>\n<meta property=\"og:description\" content=\"Prestations Courrier Article Saisie audio Traduction Prix TTC \/page 30\u20ac 40\u20ac 150\u20ac\/h 50\u20ac Corrections \/ Am\u00e9liorations &lt; 14 pages 15 \u00e0 29 pages Dossier 30 \u00e0 40 p. Dossier 120 \u00e0 150 p. Dossier 300 \u00e0 500 p. Prix TTC 15\u20ac \/ page 14,50 \u20ac \/ page 14\u20ac \/ page 13,50\u20ac \/ page 13\u20ac \/ [&hellip;]\" \/>\n<meta property=\"og:url\" content=\"https:\/\/www.redacteur-lapointenoire.fr\/index.php\/tarifs\/\" \/>\n<meta property=\"og:site_name\" content=\"R\u00e9dacteur - La Pointe Noire\" \/>\n<meta property=\"article:modified_time\" content=\"2023-01-18T20:22:05+00:00\" \/>\n<meta name=\"twitter:card\" content=\"summary_large_image\" \/>\n<meta name=\"twitter:label1\" content=\"Dur\u00e9e de lecture estim\u00e9e\" \/>\n\t<meta name=\"twitter:data1\" content=\"1 minute\" \/>\n<script type=\"application\/ld+json\" class=\"yoast-schema-graph\">{\"@context\":\"https:\\\/\\\/schema.org\",\"@graph\":[{\"@type\":\"WebPage\",\"@id\":\"https:\\\/\\\/www.redacteur-lapointenoire.fr\\\/index.php\\\/tarifs\\\/\",\"url\":\"https:\\\/\\\/www.redacteur-lapointenoire.fr\\\/index.php\\\/tarifs\\\/\",\"name\":\"Tarifs - R\u00e9dacteur - La Pointe Noire\",\"isPartOf\":{\"@id\":\"https:\\\/\\\/www.redacteur-lapointenoire.fr\\\/#website\"},\"datePublished\":\"2020-04-21T17:32:46+00:00\",\"dateModified\":\"2023-01-18T20:22:05+00:00\",\"breadcrumb\":{\"@id\":\"https:\\\/\\\/www.redacteur-lapointenoire.fr\\\/index.php\\\/tarifs\\\/#breadcrumb\"},\"inLanguage\":\"fr-FR\",\"potentialAction\":[{\"@type\":\"ReadAction\",\"target\":[\"https:\\\/\\\/www.redacteur-lapointenoire.fr\\\/index.php\\\/tarifs\\\/\"]}]},{\"@type\":\"BreadcrumbList\",\"@id\":\"https:\\\/\\\/www.redacteur-lapointenoire.fr\\\/index.php\\\/tarifs\\\/#breadcrumb\",\"itemListElement\":[{\"@type\":\"ListItem\",\"position\":1,\"name\":\"Accueil\",\"item\":\"https:\\\/\\\/www.redacteur-lapointenoire.fr\\\/\"},{\"@type\":\"ListItem\",\"position\":2,\"name\":\"Tarifs\"}]},{\"@type\":\"WebSite\",\"@id\":\"https:\\\/\\\/www.redacteur-lapointenoire.fr\\\/#website\",\"url\":\"https:\\\/\\\/www.redacteur-lapointenoire.fr\\\/\",\"name\":\"R\u00e9dacteur - La Pointe Noire\",\"description\":\"\",\"publisher\":{\"@id\":\"https:\\\/\\\/www.redacteur-lapointenoire.fr\\\/#organization\"},\"potentialAction\":[{\"@type\":\"SearchAction\",\"target\":{\"@type\":\"EntryPoint\",\"urlTemplate\":\"https:\\\/\\\/www.redacteur-lapointenoire.fr\\\/?s={search_term_string}\"},\"query-input\":{\"@type\":\"PropertyValueSpecification\",\"valueRequired\":true,\"valueName\":\"search_term_string\"}}],\"inLanguage\":\"fr-FR\"},{\"@type\":\"Organization\",\"@id\":\"https:\\\/\\\/www.redacteur-lapointenoire.fr\\\/#organization\",\"name\":\"R\u00e9dacteur - La Pointe Noire\",\"url\":\"https:\\\/\\\/www.redacteur-lapointenoire.fr\\\/\",\"logo\":{\"@type\":\"ImageObject\",\"inLanguage\":\"fr-FR\",\"@id\":\"https:\\\/\\\/www.redacteur-lapointenoire.fr\\\/#\\\/schema\\\/logo\\\/image\\\/\",\"url\":\"https:\\\/\\\/www.redacteur-lapointenoire.fr\\\/wp-content\\\/uploads\\\/2020\\\/12\\\/cropped-Logo-Noir@1x-1.png\",\"contentUrl\":\"https:\\\/\\\/www.redacteur-lapointenoire.fr\\\/wp-content\\\/uploads\\\/2020\\\/12\\\/cropped-Logo-Noir@1x-1.png\",\"width\":57,\"height\":86,\"caption\":\"R\u00e9dacteur - La Pointe Noire\"},\"image\":{\"@id\":\"https:\\\/\\\/www.redacteur-lapointenoire.fr\\\/#\\\/schema\\\/logo\\\/image\\\/\"}}]}<\/script>\n<!-- \/ Yoast SEO plugin. -->","yoast_head_json":{"title":"Tarifs - R\u00e9dacteur - La Pointe Noire","robots":{"index":"index","follow":"follow","max-snippet":"max-snippet:-1","max-image-preview":"max-image-preview:large","max-video-preview":"max-video-preview:-1"},"canonical":"https:\/\/www.redacteur-lapointenoire.fr\/index.php\/tarifs\/","og_locale":"fr_FR","og_type":"article","og_title":"Tarifs - R\u00e9dacteur - La Pointe Noire","og_description":"Prestations Courrier Article Saisie audio Traduction Prix TTC \/page 30\u20ac 40\u20ac 150\u20ac\/h 50\u20ac Corrections \/ Am\u00e9liorations &lt; 14 pages 15 \u00e0 29 pages Dossier 30 \u00e0 40 p. Dossier 120 \u00e0 150 p. Dossier 300 \u00e0 500 p. Prix TTC 15\u20ac \/ page 14,50 \u20ac \/ page 14\u20ac \/ page 13,50\u20ac \/ page 13\u20ac \/ [&hellip;]","og_url":"https:\/\/www.redacteur-lapointenoire.fr\/index.php\/tarifs\/","og_site_name":"R\u00e9dacteur - La Pointe Noire","article_modified_time":"2023-01-18T20:22:05+00:00","twitter_card":"summary_large_image","twitter_misc":{"Dur\u00e9e de lecture estim\u00e9e":"1 minute"},"schema":{"@context":"https:\/\/schema.org","@graph":[{"@type":"WebPage","@id":"https:\/\/www.redacteur-lapointenoire.fr\/index.php\/tarifs\/","url":"https:\/\/www.redacteur-lapointenoire.fr\/index.php\/tarifs\/","name":"Tarifs - R\u00e9dacteur - La Pointe Noire","isPartOf":{"@id":"https:\/\/www.redacteur-lapointenoire.fr\/#website"},"datePublished":"2020-04-21T17:32:46+00:00","dateModified":"2023-01-18T20:22:05+00:00","breadcrumb":{"@id":"https:\/\/www.redacteur-lapointenoire.fr\/index.php\/tarifs\/#breadcrumb"},"inLanguage":"fr-FR","potentialAction":[{"@type":"ReadAction","target":["https:\/\/www.redacteur-lapointenoire.fr\/index.php\/tarifs\/"]}]},{"@type":"BreadcrumbList","@id":"https:\/\/www.redacteur-lapointenoire.fr\/index.php\/tarifs\/#breadcrumb","itemListElement":[{"@type":"ListItem","position":1,"name":"Accueil","item":"https:\/\/www.redacteur-lapointenoire.fr\/"},{"@type":"ListItem","position":2,"name":"Tarifs"}]},{"@type":"WebSite","@id":"https:\/\/www.redacteur-lapointenoire.fr\/#website","url":"https:\/\/www.redacteur-lapointenoire.fr\/","name":"R\u00e9dacteur - La Pointe Noire","description":"","publisher":{"@id":"https:\/\/www.redacteur-lapointenoire.fr\/#organization"},"potentialAction":[{"@type":"SearchAction","target":{"@type":"EntryPoint","urlTemplate":"https:\/\/www.redacteur-lapointenoire.fr\/?s={search_term_string}"},"query-input":{"@type":"PropertyValueSpecification","valueRequired":true,"valueName":"search_term_string"}}],"inLanguage":"fr-FR"},{"@type":"Organization","@id":"https:\/\/www.redacteur-lapointenoire.fr\/#organization","name":"R\u00e9dacteur - La Pointe Noire","url":"https:\/\/www.redacteur-lapointenoire.fr\/","logo":{"@type":"ImageObject","inLanguage":"fr-FR","@id":"https:\/\/www.redacteur-lapointenoire.fr\/#\/schema\/logo\/image\/","url":"https:\/\/www.redacteur-lapointenoire.fr\/wp-content\/uploads\/2020\/12\/cropped-Logo-Noir@1x-1.png","contentUrl":"https:\/\/www.redacteur-lapointenoire.fr\/wp-content\/uploads\/2020\/12\/cropped-Logo-Noir@1x-1.png","width":57,"height":86,"caption":"R\u00e9dacteur - La Pointe Noire"},"image":{"@id":"https:\/\/www.redacteur-lapointenoire.fr\/#\/schema\/logo\/image\/"}}]}},"_links":{"self":[{"href":"https:\/\/www.redacteur-lapointenoire.fr\/index.php\/wp-json\/wp\/v2\/pages\/10","targetHints":{"allow":["GET"]}}],"collection":[{"href":"https:\/\/www.redacteur-lapointenoire.fr\/index.php\/wp-json\/wp\/v2\/pages"}],"about":[{"href":"https:\/\/www.redacteur-lapointenoire.fr\/index.php\/wp-json\/wp\/v2\/types\/page"}],"author":[{"embeddable":true,"href":"https:\/\/www.redacteur-lapointenoire.fr\/index.php\/wp-json\/wp\/v2\/users\/1"}],"replies":[{"embeddable":true,"href":"https:\/\/www.redacteur-lapointenoire.fr\/index.php\/wp-json\/wp\/v2\/comments?post=10"}],"version-history":[{"count":20,"href":"https:\/\/www.redacteur-lapointenoire.fr\/index.php\/wp-json\/wp\/v2\/pages\/10\/revisions"}],"predecessor-version":[{"id":1109,"href":"https:\/\/www.redacteur-lapointenoire.fr\/index.php\/wp-json\/wp\/v2\/pages\/10\/revisions\/1109"}],"wp:attachment":[{"href":"https:\/\/www.redacteur-lapointenoire.fr\/index.php\/wp-json\/wp\/v2\/media?parent=10"}],"curies":[{"name":"wp","href":"https:\/\/api.w.org\/{rel}","templated":true}]}}