{"id":234,"date":"2020-06-08T16:35:17","date_gmt":"2020-06-08T14:35:17","guid":{"rendered":"https:\/\/www.redacteur-lapointenoire.fr\/?page_id=234"},"modified":"2020-09-13T19:39:54","modified_gmt":"2020-09-13T17:39:54","slug":"confidentialite","status":"publish","type":"page","link":"https:\/\/www.redacteur-lapointenoire.fr\/index.php\/confidentialite\/","title":{"rendered":"Confidentialit\u00e9"},"content":{"rendered":"<div data-colibri-id=\"234-c1\" class=\"style-236 style-local-234-c1 position-relative\">\n  <!---->\n  <div data-colibri-component=\"section\" data-colibri-id=\"234-c2\" id=\"initial-content\" class=\"h-section h-section-global-spacing d-flex align-items-lg-center align-items-md-center align-items-center style-237 style-local-234-c2 position-relative\">\n    <!---->\n    <!---->\n    <div class=\"h-section-grid-container h-section-boxed-container\">\n      <!---->\n      <div data-colibri-id=\"234-c3\" class=\"h-row-container gutters-row-lg-2 gutters-row-md-2 gutters-row-0 gutters-row-v-lg-2 gutters-row-v-md-2 gutters-row-v-2 style-238 style-local-234-c3 position-relative\">\n        <!---->\n        <div class=\"h-row justify-content-lg-center justify-content-md-center justify-content-center align-items-lg-stretch align-items-md-stretch align-items-stretch gutters-col-lg-2 gutters-col-md-2 gutters-col-0 gutters-col-v-lg-2 gutters-col-v-md-2 gutters-col-v-2\">\n          <!---->\n          <div class=\"h-column h-column-container d-flex h-col-lg-auto h-col-md-auto h-col-auto style-239-outer style-local-234-c4-outer\">\n            <div data-colibri-id=\"234-c4\" class=\"d-flex h-flex-basis h-column__inner h-px-lg-2 h-px-md-2 h-px-2 v-inner-lg-2 v-inner-md-2 v-inner-2 style-239 style-local-234-c4 position-relative\">\n              <!---->\n              <!---->\n              <div class=\"w-100 h-y-container h-column__content h-column__v-align flex-basis-100 align-self-lg-center align-self-md-center align-self-center\">\n                <!---->\n                <div data-colibri-id=\"234-c5\" class=\"h-text h-text-component style-301 style-local-234-c5 position-relative h-element\">\n                  <!---->\n                  <!---->\n                  <div class=\"\">\n                    <h4><strong>D\u00e9clarations g\u00e9n\u00e9rales :<\/strong><\/h4>\n                    <p>L&rsquo;\u00e9crivain public doit respecter le secret professionnel.<\/p>\n                    <p>L&rsquo;\u00e9crivain public ne dispense pas de conseil juridique, notarial ou comptable et ne r\u00e9dige pas d&rsquo;actes \u00e0 valeur juridique opposables aux tiers.<\/p>\n                    <p>L&rsquo;\u00e9crivain public ne doit pas r\u00e9diger d&rsquo;\u00e9crits destin\u00e9s \u00e0 tromper la confiance du destinataire. Il est soumis \u00e0 un devoir d&rsquo;int\u00e9grit\u00e9.&nbsp;<\/p>\n                    <h4><strong>Limites de responsabilit\u00e9<\/strong> :<\/h4>\n                    <p>Ne peut \u00eatre tenu responsable des dommages ou pr\u00e9judices qui pourraient \u00eatre caus\u00e9s \u00e0 des tiers du fait du caract\u00e8re faux ou mensonger des documents qui seront fournis et \u00e0 partir desquels sont r\u00e9dig\u00e9s les travaux d&rsquo;\u00e9criture.<\/p>\n                    <p>N&rsquo;\u00e9crit pas de lettre de menace ou d&rsquo;insulte.<\/p>\n                    <p>Les documents confi\u00e9s par le client lui seront restitu\u00e9s apr\u00e8s les travaux d&rsquo;\u00e9criture.<\/p>\n                    <h4><strong>Propri\u00e9t\u00e9 <\/strong>:<\/h4>\n                    <p>Sauf convention contraire, une fois la prestation r\u00e9gl\u00e9e, le client devient propri\u00e9taire du travail effectu\u00e9 et des droits qui peuvent en d\u00e9couler.<\/p>\n                    <h4><strong>Protection des donn\u00e9es personnelles du client :<\/strong><\/h4>\n                    <p>Aucune information personnelle ne sera c\u00e9d\u00e9e ni vendue \u00e0 des tiers.<\/p>\n                    <p>En application de l&rsquo;article 27 de la Loi Informatique et Libert\u00e9s du 06 janvier 1978, vous disposez d&rsquo;un droit d&rsquo;acc\u00e8s, de rectification, de modification et de suppression des donn\u00e9es vous concernant.<\/p>\n                    <p>Vous pouvez exercer ce droit en adressant un message \u00e9lectronique \u00e0 : contact@redacteur-lapointenoire.fr<\/p>\n                    <p>\n                      <br>\n                    <\/p>\n                  <\/div>\n                <\/div>\n              <\/div>\n            <\/div>\n          <\/div>\n        <\/div>\n      <\/div>\n    <\/div>\n  <\/div>\n<\/div>","protected":false},"excerpt":{"rendered":"<p>D\u00e9clarations g\u00e9n\u00e9rales : L&rsquo;\u00e9crivain public doit respecter le secret professionnel. L&rsquo;\u00e9crivain public ne dispense pas de conseil juridique, notarial ou comptable et ne r\u00e9dige pas d&rsquo;actes \u00e0 valeur juridique opposables aux tiers. L&rsquo;\u00e9crivain public ne doit pas r\u00e9diger d&rsquo;\u00e9crits destin\u00e9s \u00e0 tromper la confiance du destinataire. Il est soumis \u00e0 un devoir d&rsquo;int\u00e9grit\u00e9.&nbsp; Limites de [&hellip;]<\/p>\n","protected":false},"author":2,"featured_media":0,"parent":0,"menu_order":0,"comment_status":"closed","ping_status":"closed","template":"page-templates\/full-width-page.php","meta":{"_monsterinsights_skip_tracking":false,"_monsterinsights_sitenote_active":false,"_monsterinsights_sitenote_note":"","_monsterinsights_sitenote_category":0,"footnotes":""},"class_list":["post-234","page","type-page","status-publish","hentry"],"yoast_head":"<!-- This site is optimized with the Yoast SEO plugin v27.4 - https:\/\/yoast.com\/product\/yoast-seo-wordpress\/ -->\n<title>Confidentialit\u00e9 - R\u00e9dacteur - La Pointe Noire<\/title>\n<meta name=\"robots\" content=\"index, follow, max-snippet:-1, max-image-preview:large, max-video-preview:-1\" \/>\n<link rel=\"canonical\" href=\"https:\/\/www.redacteur-lapointenoire.fr\/index.php\/confidentialite\/\" \/>\n<meta property=\"og:locale\" content=\"fr_FR\" \/>\n<meta property=\"og:type\" content=\"article\" \/>\n<meta property=\"og:title\" content=\"Confidentialit\u00e9 - R\u00e9dacteur - La Pointe Noire\" \/>\n<meta property=\"og:description\" content=\"D\u00e9clarations g\u00e9n\u00e9rales : L&rsquo;\u00e9crivain public doit respecter le secret professionnel. L&rsquo;\u00e9crivain public ne dispense pas de conseil juridique, notarial ou comptable et ne r\u00e9dige pas d&rsquo;actes \u00e0 valeur juridique opposables aux tiers. L&rsquo;\u00e9crivain public ne doit pas r\u00e9diger d&rsquo;\u00e9crits destin\u00e9s \u00e0 tromper la confiance du destinataire. Il est soumis \u00e0 un devoir d&rsquo;int\u00e9grit\u00e9.&nbsp; Limites de [&hellip;]\" \/>\n<meta property=\"og:url\" content=\"https:\/\/www.redacteur-lapointenoire.fr\/index.php\/confidentialite\/\" \/>\n<meta property=\"og:site_name\" content=\"R\u00e9dacteur - La Pointe Noire\" \/>\n<meta property=\"article:modified_time\" content=\"2020-09-13T17:39:54+00:00\" \/>\n<meta name=\"twitter:card\" content=\"summary_large_image\" \/>\n<meta name=\"twitter:label1\" content=\"Dur\u00e9e de lecture estim\u00e9e\" \/>\n\t<meta name=\"twitter:data1\" content=\"1 minute\" \/>\n<script type=\"application\/ld+json\" class=\"yoast-schema-graph\">{\"@context\":\"https:\\\/\\\/schema.org\",\"@graph\":[{\"@type\":\"WebPage\",\"@id\":\"https:\\\/\\\/www.redacteur-lapointenoire.fr\\\/index.php\\\/confidentialite\\\/\",\"url\":\"https:\\\/\\\/www.redacteur-lapointenoire.fr\\\/index.php\\\/confidentialite\\\/\",\"name\":\"Confidentialit\u00e9 - R\u00e9dacteur - La Pointe Noire\",\"isPartOf\":{\"@id\":\"https:\\\/\\\/www.redacteur-lapointenoire.fr\\\/#website\"},\"datePublished\":\"2020-06-08T14:35:17+00:00\",\"dateModified\":\"2020-09-13T17:39:54+00:00\",\"breadcrumb\":{\"@id\":\"https:\\\/\\\/www.redacteur-lapointenoire.fr\\\/index.php\\\/confidentialite\\\/#breadcrumb\"},\"inLanguage\":\"fr-FR\",\"potentialAction\":[{\"@type\":\"ReadAction\",\"target\":[\"https:\\\/\\\/www.redacteur-lapointenoire.fr\\\/index.php\\\/confidentialite\\\/\"]}]},{\"@type\":\"BreadcrumbList\",\"@id\":\"https:\\\/\\\/www.redacteur-lapointenoire.fr\\\/index.php\\\/confidentialite\\\/#breadcrumb\",\"itemListElement\":[{\"@type\":\"ListItem\",\"position\":1,\"name\":\"Accueil\",\"item\":\"https:\\\/\\\/www.redacteur-lapointenoire.fr\\\/\"},{\"@type\":\"ListItem\",\"position\":2,\"name\":\"Confidentialit\u00e9\"}]},{\"@type\":\"WebSite\",\"@id\":\"https:\\\/\\\/www.redacteur-lapointenoire.fr\\\/#website\",\"url\":\"https:\\\/\\\/www.redacteur-lapointenoire.fr\\\/\",\"name\":\"R\u00e9dacteur - La Pointe Noire\",\"description\":\"\",\"publisher\":{\"@id\":\"https:\\\/\\\/www.redacteur-lapointenoire.fr\\\/#organization\"},\"potentialAction\":[{\"@type\":\"SearchAction\",\"target\":{\"@type\":\"EntryPoint\",\"urlTemplate\":\"https:\\\/\\\/www.redacteur-lapointenoire.fr\\\/?s={search_term_string}\"},\"query-input\":{\"@type\":\"PropertyValueSpecification\",\"valueRequired\":true,\"valueName\":\"search_term_string\"}}],\"inLanguage\":\"fr-FR\"},{\"@type\":\"Organization\",\"@id\":\"https:\\\/\\\/www.redacteur-lapointenoire.fr\\\/#organization\",\"name\":\"R\u00e9dacteur - La Pointe Noire\",\"url\":\"https:\\\/\\\/www.redacteur-lapointenoire.fr\\\/\",\"logo\":{\"@type\":\"ImageObject\",\"inLanguage\":\"fr-FR\",\"@id\":\"https:\\\/\\\/www.redacteur-lapointenoire.fr\\\/#\\\/schema\\\/logo\\\/image\\\/\",\"url\":\"https:\\\/\\\/www.redacteur-lapointenoire.fr\\\/wp-content\\\/uploads\\\/2020\\\/12\\\/cropped-Logo-Noir@1x-1.png\",\"contentUrl\":\"https:\\\/\\\/www.redacteur-lapointenoire.fr\\\/wp-content\\\/uploads\\\/2020\\\/12\\\/cropped-Logo-Noir@1x-1.png\",\"width\":57,\"height\":86,\"caption\":\"R\u00e9dacteur - La Pointe Noire\"},\"image\":{\"@id\":\"https:\\\/\\\/www.redacteur-lapointenoire.fr\\\/#\\\/schema\\\/logo\\\/image\\\/\"}}]}<\/script>\n<!-- \/ Yoast SEO plugin. -->","yoast_head_json":{"title":"Confidentialit\u00e9 - R\u00e9dacteur - La Pointe Noire","robots":{"index":"index","follow":"follow","max-snippet":"max-snippet:-1","max-image-preview":"max-image-preview:large","max-video-preview":"max-video-preview:-1"},"canonical":"https:\/\/www.redacteur-lapointenoire.fr\/index.php\/confidentialite\/","og_locale":"fr_FR","og_type":"article","og_title":"Confidentialit\u00e9 - R\u00e9dacteur - La Pointe Noire","og_description":"D\u00e9clarations g\u00e9n\u00e9rales : L&rsquo;\u00e9crivain public doit respecter le secret professionnel. L&rsquo;\u00e9crivain public ne dispense pas de conseil juridique, notarial ou comptable et ne r\u00e9dige pas d&rsquo;actes \u00e0 valeur juridique opposables aux tiers. L&rsquo;\u00e9crivain public ne doit pas r\u00e9diger d&rsquo;\u00e9crits destin\u00e9s \u00e0 tromper la confiance du destinataire. Il est soumis \u00e0 un devoir d&rsquo;int\u00e9grit\u00e9.&nbsp; Limites de [&hellip;]","og_url":"https:\/\/www.redacteur-lapointenoire.fr\/index.php\/confidentialite\/","og_site_name":"R\u00e9dacteur - La Pointe Noire","article_modified_time":"2020-09-13T17:39:54+00:00","twitter_card":"summary_large_image","twitter_misc":{"Dur\u00e9e de lecture estim\u00e9e":"1 minute"},"schema":{"@context":"https:\/\/schema.org","@graph":[{"@type":"WebPage","@id":"https:\/\/www.redacteur-lapointenoire.fr\/index.php\/confidentialite\/","url":"https:\/\/www.redacteur-lapointenoire.fr\/index.php\/confidentialite\/","name":"Confidentialit\u00e9 - R\u00e9dacteur - La Pointe Noire","isPartOf":{"@id":"https:\/\/www.redacteur-lapointenoire.fr\/#website"},"datePublished":"2020-06-08T14:35:17+00:00","dateModified":"2020-09-13T17:39:54+00:00","breadcrumb":{"@id":"https:\/\/www.redacteur-lapointenoire.fr\/index.php\/confidentialite\/#breadcrumb"},"inLanguage":"fr-FR","potentialAction":[{"@type":"ReadAction","target":["https:\/\/www.redacteur-lapointenoire.fr\/index.php\/confidentialite\/"]}]},{"@type":"BreadcrumbList","@id":"https:\/\/www.redacteur-lapointenoire.fr\/index.php\/confidentialite\/#breadcrumb","itemListElement":[{"@type":"ListItem","position":1,"name":"Accueil","item":"https:\/\/www.redacteur-lapointenoire.fr\/"},{"@type":"ListItem","position":2,"name":"Confidentialit\u00e9"}]},{"@type":"WebSite","@id":"https:\/\/www.redacteur-lapointenoire.fr\/#website","url":"https:\/\/www.redacteur-lapointenoire.fr\/","name":"R\u00e9dacteur - La Pointe Noire","description":"","publisher":{"@id":"https:\/\/www.redacteur-lapointenoire.fr\/#organization"},"potentialAction":[{"@type":"SearchAction","target":{"@type":"EntryPoint","urlTemplate":"https:\/\/www.redacteur-lapointenoire.fr\/?s={search_term_string}"},"query-input":{"@type":"PropertyValueSpecification","valueRequired":true,"valueName":"search_term_string"}}],"inLanguage":"fr-FR"},{"@type":"Organization","@id":"https:\/\/www.redacteur-lapointenoire.fr\/#organization","name":"R\u00e9dacteur - La Pointe Noire","url":"https:\/\/www.redacteur-lapointenoire.fr\/","logo":{"@type":"ImageObject","inLanguage":"fr-FR","@id":"https:\/\/www.redacteur-lapointenoire.fr\/#\/schema\/logo\/image\/","url":"https:\/\/www.redacteur-lapointenoire.fr\/wp-content\/uploads\/2020\/12\/cropped-Logo-Noir@1x-1.png","contentUrl":"https:\/\/www.redacteur-lapointenoire.fr\/wp-content\/uploads\/2020\/12\/cropped-Logo-Noir@1x-1.png","width":57,"height":86,"caption":"R\u00e9dacteur - La Pointe Noire"},"image":{"@id":"https:\/\/www.redacteur-lapointenoire.fr\/#\/schema\/logo\/image\/"}}]}},"_links":{"self":[{"href":"https:\/\/www.redacteur-lapointenoire.fr\/index.php\/wp-json\/wp\/v2\/pages\/234","targetHints":{"allow":["GET"]}}],"collection":[{"href":"https:\/\/www.redacteur-lapointenoire.fr\/index.php\/wp-json\/wp\/v2\/pages"}],"about":[{"href":"https:\/\/www.redacteur-lapointenoire.fr\/index.php\/wp-json\/wp\/v2\/types\/page"}],"author":[{"embeddable":true,"href":"https:\/\/www.redacteur-lapointenoire.fr\/index.php\/wp-json\/wp\/v2\/users\/2"}],"replies":[{"embeddable":true,"href":"https:\/\/www.redacteur-lapointenoire.fr\/index.php\/wp-json\/wp\/v2\/comments?post=234"}],"version-history":[{"count":20,"href":"https:\/\/www.redacteur-lapointenoire.fr\/index.php\/wp-json\/wp\/v2\/pages\/234\/revisions"}],"predecessor-version":[{"id":649,"href":"https:\/\/www.redacteur-lapointenoire.fr\/index.php\/wp-json\/wp\/v2\/pages\/234\/revisions\/649"}],"wp:attachment":[{"href":"https:\/\/www.redacteur-lapointenoire.fr\/index.php\/wp-json\/wp\/v2\/media?parent=234"}],"curies":[{"name":"wp","href":"https:\/\/api.w.org\/{rel}","templated":true}]}}